{"id":12607,"date":"2018-07-17T10:28:41","date_gmt":"2018-07-17T10:28:41","guid":{"rendered":"https:\/\/enovathemes.com\/globax\/?page_id=12607"},"modified":"2018-07-17T10:28:41","modified_gmt":"2018-07-17T10:28:41","slug":"blog-large","status":"publish","type":"page","link":"https:\/\/vntss.com\/en\/blog\/blog-large\/","title":{"rendered":"Blog large"},"content":{"rendered":"<div class=\"wpb-content-wrapper\"><div class=\"vc_row wpb_row vc_row-fluid vc_custom_1531824189328\"><div class=\"vc-container et-clearfix\"><div data-animation-delay=\"0\" data-parallax-speed=\"1.5\" class=\"wpb_animate_when_almost_visible wpb_fadeIn fadeIn wpb_column vc_column_container vc_col-sm-12\"><div class=\"vc_column-inner\" ><div class=\"wpb_wrapper\"><div class=\"recent-posts-layout blog-layout-grid grid post-size-large lazy lazy-load\"><div id=\"loop-posts-1\" data-columns=\"2\" class=\"loop-posts grid gridify recent-posts effect-none overlay-fade-zoom et-item-set et-clearfix\"><div class=\"grid-sizer\"><\/div><article class=\"et-item post-989187 post type-post status-publish format-standard hentry category-uncategorized-en\" data-width=\"50\" id=\"post-989187\"><div class=\"post-inner et-item-inner et-clearfix\"><div class=\"post-body et-clearfix\"><div class=\"post-body-inner-wrap\"><div class=\"post-body-inner\"><div class=\"post-meta et-clearfix\"><div class=\"post-category\"><a href=\"https:\/\/vntss.com\/en\/category\/uncategorized-en\/\" rel=\"category tag\">Uncategorized<\/a><\/div><div class=\"post-date-inline\">September 9, 2025<\/div><\/div><h4 class=\"post-title entry-title\"><a href=\"https:\/\/vntss.com\/en\/uncategorized-en\/crea-tu-cuenta-para-una-inmersion-optima-en-el-juego-%e2%9c%bf-cataluna\/\" title=\"Read more about Crea Tu Cuenta Para Una Inmersi\u00f3n \u00d3ptima En El Juego \u273f   Catalu\u00f1a\" rel=\"bookmark\">Crea Tu Cuenta Para Una Inmersi\u00f3n \u00d3ptima En El Juego \u273f   Catalu\u00f1a<\/a><\/h4><div class=\"post-excerpt\">Nuevas tragamonedas cada semana. Contenido personalizable adaptaci\u00f3n Seg\u00fan los datos de la sesi\u00f3n . Etiquetado juegos b\u00e1sicos. Efectos especiales. Jugar Casino en vivo las 24 [...]<\/div><a href=\"https:\/\/vntss.com\/en\/uncategorized-en\/crea-tu-cuenta-para-una-inmersion-optima-en-el-juego-%e2%9c%bf-cataluna\/\" title=\"Read more about Crea Tu Cuenta Para Una Inmersi\u00f3n \u00d3ptima En El Juego \u273f   Catalu\u00f1a\" class=\"post-read-more et-button medium stylish-button\">Read more<span class=\"screen-reader-text\">Crea Tu Cuenta Para Una Inmersi\u00f3n \u00d3ptima En El Juego \u273f   Catalu\u00f1a?><\/span><\/a><\/div><\/div><\/div><\/div><\/article><div class=\"grid-sizer\"><\/div><article class=\"et-item post-989185 post type-post status-publish format-standard hentry category-uncategorized-en\" data-width=\"50\" id=\"post-989185\"><div class=\"post-inner et-item-inner et-clearfix\"><div class=\"post-body et-clearfix\"><div class=\"post-body-inner-wrap\"><div class=\"post-body-inner\"><div class=\"post-meta et-clearfix\"><div class=\"post-category\"><a href=\"https:\/\/vntss.com\/en\/category\/uncategorized-en\/\" rel=\"category tag\">Uncategorized<\/a><\/div><div class=\"post-date-inline\">September 9, 2025<\/div><\/div><h4 class=\"post-title entry-title\"><a href=\"https:\/\/vntss.com\/en\/uncategorized-en\/hoe-exclusieve-beloningen-te-ontgrendelen-bij-internet-gamingplatforms-%e2%9c%a7-official-netherlands\/\" title=\"Read more about Hoe Exclusieve Beloningen Te Ontgrendelen Bij Internet Gamingplatforms \u2727   Official Netherlands\" rel=\"bookmark\">Hoe Exclusieve Beloningen Te Ontgrendelen Bij Internet Gamingplatforms \u2727   Official Netherlands<\/a><\/h4><div class=\"post-excerpt\">Voor sommige spelers is gokken troost. Kortom, gezond spelen komt iedereen ten goede. Real-time casinospelen bieden face-to-face spelen. Sommige bieden zelfs geaccumuleerde [...]<\/div><a href=\"https:\/\/vntss.com\/en\/uncategorized-en\/hoe-exclusieve-beloningen-te-ontgrendelen-bij-internet-gamingplatforms-%e2%9c%a7-official-netherlands\/\" title=\"Read more about Hoe Exclusieve Beloningen Te Ontgrendelen Bij Internet Gamingplatforms \u2727   Official Netherlands\" class=\"post-read-more et-button medium stylish-button\">Read more<span class=\"screen-reader-text\">Hoe Exclusieve Beloningen Te Ontgrendelen Bij Internet Gamingplatforms \u2727   Official Netherlands?><\/span><\/a><\/div><\/div><\/div><\/div><\/article><div class=\"grid-sizer\"><\/div><article class=\"et-item post-989182 post type-post status-publish format-standard hentry category-uncategorized-en\" data-width=\"50\" id=\"post-989182\"><div class=\"post-inner et-item-inner et-clearfix\"><div class=\"post-body et-clearfix\"><div class=\"post-body-inner-wrap\"><div class=\"post-body-inner\"><div class=\"post-meta et-clearfix\"><div class=\"post-category\"><a href=\"https:\/\/vntss.com\/en\/category\/uncategorized-en\/\" rel=\"category tag\">Uncategorized<\/a><\/div><div class=\"post-date-inline\">September 7, 2025<\/div><\/div><h4 class=\"post-title entry-title\"><a href=\"https:\/\/vntss.com\/en\/uncategorized-en\/mobile-apps-casino-at-any-location-within-on-your-phone-%e2%9e%9f-australia\/\" title=\"Read more about Mobile Apps Casino At Any Location Within On Your Phone \u279f   Australia\" rel=\"bookmark\">Mobile Apps Casino At Any Location Within On Your Phone \u279f   Australia<\/a><\/h4><div class=\"post-excerpt\">Keep in mind the machine\u2019s theme and bonus features you choose before you start. These internet-based models of land-based gaming terminals offer convenience, range, and the [...]<\/div><a href=\"https:\/\/vntss.com\/en\/uncategorized-en\/mobile-apps-casino-at-any-location-within-on-your-phone-%e2%9e%9f-australia\/\" title=\"Read more about Mobile Apps Casino At Any Location Within On Your Phone \u279f   Australia\" class=\"post-read-more et-button medium stylish-button\">Read more<span class=\"screen-reader-text\">Mobile Apps Casino At Any Location Within On Your Phone \u279f   Australia?><\/span><\/a><\/div><\/div><\/div><\/div><\/article><div class=\"grid-sizer\"><\/div><article class=\"et-item post-989180 post type-post status-publish format-standard hentry category-uncategorized-en\" data-width=\"50\" id=\"post-989180\"><div class=\"post-inner et-item-inner et-clearfix\"><div class=\"post-body et-clearfix\"><div class=\"post-body-inner-wrap\"><div class=\"post-body-inner\"><div class=\"post-meta et-clearfix\"><div class=\"post-category\"><a href=\"https:\/\/vntss.com\/en\/category\/uncategorized-en\/\" rel=\"category tag\">Uncategorized<\/a><\/div><div class=\"post-date-inline\">September 7, 2025<\/div><\/div><h4 class=\"post-title entry-title\"><a href=\"https:\/\/vntss.com\/en\/uncategorized-en\/audited-high-rtp-games-you-can-count-on-%e2%98%91%ef%b8%8f-australia-online\/\" title=\"Read more about Audited High RTP Games You Can Count On \u2611\ufe0f Australia Online\" rel=\"bookmark\">Audited High RTP Games You Can Count On \u2611\ufe0f Australia Online<\/a><\/h4><div class=\"post-excerpt\">Medium risk machines balance risk and reward, suited for balanced gameplay. Networked jackpots collect a portion of each stake into a accumulated prize, often reaching huge [...]<\/div><a href=\"https:\/\/vntss.com\/en\/uncategorized-en\/audited-high-rtp-games-you-can-count-on-%e2%98%91%ef%b8%8f-australia-online\/\" title=\"Read more about Audited High RTP Games You Can Count On \u2611\ufe0f Australia Online\" class=\"post-read-more et-button medium stylish-button\">Read more<span class=\"screen-reader-text\">Audited High RTP Games You Can Count On \u2611\ufe0f Australia Online?><\/span><\/a><\/div><\/div><\/div><\/div><\/article><\/div><\/div><\/div><\/div><\/div><\/div><\/div>\n<\/div>","protected":false},"excerpt":{"rendered":"Medium risk machines balance risk and reward, suited for balanced gameplay. Networked jackpots collect a portion of each stake into a accumulated prize, often reaching huge payouts. The spread of decentralized money in e-gaming looks promising. Ultimately, strict security rules prevent fraud. Payout frequency determines win style while gaming online. Global reach connects global players. [...]","protected":false},"author":1,"featured_media":0,"parent":3418,"menu_order":0,"comment_status":"closed","ping_status":"closed","template":"page-vc.php","meta":{"footnotes":""},"class_list":["post-12607","page","type-page","status-publish","hentry"],"_links":{"self":[{"href":"https:\/\/vntss.com\/en\/wp-json\/wp\/v2\/pages\/12607","targetHints":{"allow":["GET"]}}],"collection":[{"href":"https:\/\/vntss.com\/en\/wp-json\/wp\/v2\/pages"}],"about":[{"href":"https:\/\/vntss.com\/en\/wp-json\/wp\/v2\/types\/page"}],"author":[{"embeddable":true,"href":"https:\/\/vntss.com\/en\/wp-json\/wp\/v2\/users\/1"}],"replies":[{"embeddable":true,"href":"https:\/\/vntss.com\/en\/wp-json\/wp\/v2\/comments?post=12607"}],"version-history":[{"count":0,"href":"https:\/\/vntss.com\/en\/wp-json\/wp\/v2\/pages\/12607\/revisions"}],"up":[{"embeddable":true,"href":"https:\/\/vntss.com\/en\/wp-json\/wp\/v2\/pages\/3418"}],"wp:attachment":[{"href":"https:\/\/vntss.com\/en\/wp-json\/wp\/v2\/media?parent=12607"}],"curies":[{"name":"wp","href":"https:\/\/api.w.org\/{rel}","templated":true}]}}